{"id":883,"date":"2019-08-19T15:13:30","date_gmt":"2019-08-19T13:13:30","guid":{"rendered":"http:\/\/sopromer.mg\/wpress\/?page_id=883"},"modified":"2019-08-21T13:49:47","modified_gmt":"2019-08-21T11:49:47","slug":"gestion-de-qualite","status":"publish","type":"page","link":"http:\/\/sopromer.mg\/wpress\/gestion-de-qualite\/","title":{"rendered":"Gestion de qualit\u00e9"},"content":{"rendered":"<p>[et_pb_section fb_built=\u00a0\u00bb1&Prime; admin_label=\u00a0\u00bbHeader\u00a0\u00bb _builder_version=\u00a0\u00bb3.25.2&Prime; use_background_color_gradient=\u00a0\u00bbon\u00a0\u00bb background_color_gradient_start=\u00a0\u00bbrgba(255,255,255,0.4)\u00a0\u00bb background_color_gradient_end=\u00a0\u00bb#ffffff\u00a0\u00bb background_color_gradient_overlays_image=\u00a0\u00bbon\u00a0\u00bb background_image=\u00a0\u00bbhttp:\/\/sopromer.mg\/wpress\/wp-content\/uploads\/2019\/07\/quote-grm.jpg\u00a0\u00bb background_blend=\u00a0\u00bbluminosity\u00a0\u00bb custom_margin=\u00a0\u00bb||||false\u00a0\u00bb custom_padding=\u00a0\u00bb0vw||0vw||false|false\u00a0\u00bb][et_pb_row column_structure=\u00a0\u00bb1_2,1_2&Prime; custom_padding=\u00a0\u00bb150px||12px|||\u00a0\u00bb custom_margin=\u00a0\u00bb|auto|-3px|auto||\u00a0\u00bb _builder_version=\u00a0\u00bb3.25.2&Prime;][et_pb_column type=\u00a0\u00bb1_2&Prime; _builder_version=\u00a0\u00bb3.25.2&Prime;][et_pb_text _builder_version=\u00a0\u00bb3.25.2&Prime; text_font=\u00a0\u00bbMontserrat|||||on|||\u00a0\u00bb text_text_color=\u00a0\u00bb#471f00&Prime; text_font_size=\u00a0\u00bb24px\u00a0\u00bb text_letter_spacing=\u00a0\u00bb1px\u00a0\u00bb text_line_height=\u00a0\u00bb1.2em\u00a0\u00bb]<\/p>\n<p>Une gestion de la qualit\u00e9 ind\u00e9pendante et autonome pour satisfaire les plus exigents du m\u00e9tier.<\/p>\n<p>[\/et_pb_text][\/et_pb_column][et_pb_column type=\u00a0\u00bb1_2&Prime; _builder_version=\u00a0\u00bb3.25.2&Prime;][\/et_pb_column][\/et_pb_row][\/et_pb_section][et_pb_section fb_built=\u00a0\u00bb1&Prime; custom_padding_last_edited=\u00a0\u00bbon|tablet\u00a0\u00bb prev_background_color=\u00a0\u00bb#ffffff\u00a0\u00bb next_background_color=\u00a0\u00bb#f9f9f4&Prime; admin_label=\u00a0\u00bbAbout Me\u00a0\u00bb _builder_version=\u00a0\u00bb3.22.3&Prime; background_color=\u00a0\u00bb#fafafa\u00a0\u00bb min_height=\u00a0\u00bb816px\u00a0\u00bb custom_padding=\u00a0\u00bb0vw|0px|4vw|0px|false|false\u00a0\u00bb custom_padding_tablet=\u00a0\u00bb||10vw|\u00a0\u00bb top_divider_style=\u00a0\u00bbcurve\u00a0\u00bb top_divider_height=\u00a0\u00bb6vw\u00a0\u00bb top_divider_flip=\u00a0\u00bbvertical\u00a0\u00bb bottom_divider_style=\u00a0\u00bbcurve\u00a0\u00bb bottom_divider_height=\u00a0\u00bb10vw\u00a0\u00bb bottom_divider_repeat=\u00a0\u00bb0.5x\u00a0\u00bb][et_pb_row column_structure=\u00a0\u00bb1_3,1_3,1_3&Prime; custom_padding=\u00a0\u00bb27px||5px|||\u00a0\u00bb custom_margin=\u00a0\u00bb3px|auto||auto||\u00a0\u00bb _builder_version=\u00a0\u00bb3.25&Prime;][et_pb_column type=\u00a0\u00bb1_3&Prime; _builder_version=\u00a0\u00bb3.25&Prime; custom_padding=\u00a0\u00bb|||\u00a0\u00bb custom_padding__hover=\u00a0\u00bb|||\u00a0\u00bb][et_pb_blurb title=\u00a0\u00bbnos produits\u00a0\u00bb image_max_width=\u00a0\u00bb80px\u00a0\u00bb _builder_version=\u00a0\u00bb3.25.2&Prime; header_font=\u00a0\u00bbMontserrat|700|||||||\u00a0\u00bb header_line_height=\u00a0\u00bb1.8em\u00a0\u00bb body_font=\u00a0\u00bbMontserrat||||||||\u00a0\u00bb body_font_size=\u00a0\u00bb13px\u00a0\u00bb body_line_height=\u00a0\u00bb2em\u00a0\u00bb background_color=\u00a0\u00bb#ffffff\u00a0\u00bb border_radii=\u00a0\u00bbon|10px|10px|10px|10px\u00a0\u00bb border_radii_image=\u00a0\u00bbon|100px|100px|100px|100px\u00a0\u00bb box_shadow_style=\u00a0\u00bbpreset1&Prime; box_shadow_vertical=\u00a0\u00bb10px\u00a0\u00bb box_shadow_blur=\u00a0\u00bb60px\u00a0\u00bb box_shadow_color=\u00a0\u00bbrgba(1,33,92,0.1)\u00a0\u00bb box_shadow_style_image=\u00a0\u00bbpreset1&Prime; box_shadow_vertical_image=\u00a0\u00bb10px\u00a0\u00bb box_shadow_blur_image=\u00a0\u00bb40px\u00a0\u00bb box_shadow_spread_image=\u00a0\u00bb-10px\u00a0\u00bb box_shadow_color_image=\u00a0\u00bbrgba(91,110,115,0.1)\u00a0\u00bb text_orientation=\u00a0\u00bbcenter\u00a0\u00bb custom_padding=\u00a0\u00bb30px|30px|30px|30px|true|true\u00a0\u00bb animation_style=\u00a0\u00bbzoom\u00a0\u00bb animation_intensity_zoom=\u00a0\u00bb10%\u00a0\u00bb locked=\u00a0\u00bboff\u00a0\u00bb]<\/p>\n<p style=\"text-align: left;\"><span>Toute l\u2019ann\u00e9e, nous s\u00e9lectionnons pour vous les meilleurs produits de la mer :<\/span><\/p>\n<ol>\n<li style=\"text-align: left;\"><span>Exigence de fra\u00eecheur et de saveur pour les poissons sauvages et d\u2019\u00e9levage.\u00a0<\/span><\/li>\n<li style=\"text-align: left;\"><span>Exigence d\u2019authenticit\u00e9 et d\u2019attrait gastronomique pour les produits transform\u00e9s, concoct\u00e9s sans additif, ni conservateurs, ni exhausteurs de go\u00fbt.<\/span><\/li>\n<li style=\"text-align: left;\"><span>Une\u00a0tra\u00e7abilit\u00e9 sans faille<\/span><\/li>\n<li style=\"text-align: left;\"><span>Bonne conservation des produits<\/span><\/li>\n<li style=\"text-align: left;\"><span>Des produits\u00a0au go\u00fbt in\u00e9gal\u00e9<\/span><\/li>\n<\/ol>\n<p>[\/et_pb_blurb][et_pb_blurb title=\u00a0\u00bbinfrastructure\u00a0\u00bb image_max_width=\u00a0\u00bb80px\u00a0\u00bb _builder_version=\u00a0\u00bb3.25.2&Prime; header_font=\u00a0\u00bbMontserrat|700|||||||\u00a0\u00bb header_line_height=\u00a0\u00bb1.8em\u00a0\u00bb body_font=\u00a0\u00bbMontserrat||||||||\u00a0\u00bb body_font_size=\u00a0\u00bb13px\u00a0\u00bb body_line_height=\u00a0\u00bb2em\u00a0\u00bb background_color=\u00a0\u00bb#ffffff\u00a0\u00bb border_radii=\u00a0\u00bbon|10px|10px|10px|10px\u00a0\u00bb border_radii_image=\u00a0\u00bbon|100px|100px|100px|100px\u00a0\u00bb box_shadow_style=\u00a0\u00bbpreset1&Prime; box_shadow_vertical=\u00a0\u00bb10px\u00a0\u00bb box_shadow_blur=\u00a0\u00bb60px\u00a0\u00bb box_shadow_color=\u00a0\u00bbrgba(1,33,92,0.1)\u00a0\u00bb box_shadow_style_image=\u00a0\u00bbpreset1&Prime; box_shadow_vertical_image=\u00a0\u00bb10px\u00a0\u00bb box_shadow_blur_image=\u00a0\u00bb40px\u00a0\u00bb box_shadow_spread_image=\u00a0\u00bb-10px\u00a0\u00bb box_shadow_color_image=\u00a0\u00bbrgba(91,110,115,0.1)\u00a0\u00bb text_orientation=\u00a0\u00bbcenter\u00a0\u00bb custom_padding=\u00a0\u00bb30px|30px|30px|30px|true|true\u00a0\u00bb animation_style=\u00a0\u00bbzoom\u00a0\u00bb animation_intensity_zoom=\u00a0\u00bb10%\u00a0\u00bb locked=\u00a0\u00bboff\u00a0\u00bb]<\/p>\n<p style=\"text-align: left;\">Nous rafra\u00eechissons continuellement nos infrastrucutures, investissons continuellement sur de nouveaux mat\u00e9riels.<\/p>\n<p>[\/et_pb_blurb][\/et_pb_column][et_pb_column type=\u00a0\u00bb1_3&Prime; _builder_version=\u00a0\u00bb3.25&Prime; custom_padding=\u00a0\u00bb|||\u00a0\u00bb custom_padding__hover=\u00a0\u00bb|||\u00a0\u00bb][et_pb_blurb title=\u00a0\u00bbtraitement\u00a0\u00bb image_max_width=\u00a0\u00bb80px\u00a0\u00bb _builder_version=\u00a0\u00bb3.25.2&Prime; header_font=\u00a0\u00bbMontserrat|700|||||||\u00a0\u00bb header_line_height=\u00a0\u00bb1.8em\u00a0\u00bb body_font=\u00a0\u00bbMontserrat||||||||\u00a0\u00bb body_font_size=\u00a0\u00bb13px\u00a0\u00bb body_line_height=\u00a0\u00bb2em\u00a0\u00bb background_color=\u00a0\u00bb#ffffff\u00a0\u00bb border_radii=\u00a0\u00bbon|10px|10px|10px|10px\u00a0\u00bb border_radii_image=\u00a0\u00bbon|100px|100px|100px|100px\u00a0\u00bb box_shadow_style=\u00a0\u00bbpreset1&Prime; box_shadow_vertical=\u00a0\u00bb10px\u00a0\u00bb box_shadow_blur=\u00a0\u00bb60px\u00a0\u00bb box_shadow_color=\u00a0\u00bbrgba(1,33,92,0.1)\u00a0\u00bb box_shadow_style_image=\u00a0\u00bbpreset1&Prime; box_shadow_vertical_image=\u00a0\u00bb10px\u00a0\u00bb box_shadow_blur_image=\u00a0\u00bb40px\u00a0\u00bb box_shadow_spread_image=\u00a0\u00bb-10px\u00a0\u00bb box_shadow_color_image=\u00a0\u00bbrgba(91,110,115,0.1)\u00a0\u00bb text_orientation=\u00a0\u00bbcenter\u00a0\u00bb custom_padding=\u00a0\u00bb30px|30px|30px|30px|true|true\u00a0\u00bb animation_style=\u00a0\u00bbzoom\u00a0\u00bb animation_intensity_zoom=\u00a0\u00bb10%\u00a0\u00bb locked=\u00a0\u00bboff\u00a0\u00bb]<\/p>\n<p style=\"text-align: left;\"><span>Le poisson et tous les produits de la mer en g\u00e9n\u00e9ral sont les denr\u00e9es les plus p\u00e9rissables de l\u2019alimentation. <\/span><\/p>\n<p style=\"text-align: left;\"><span>Nous p\u00e9parons les\u00a0<\/span><strong>poissons<span>\u00a0<\/span><\/strong><span>et\u00a0<\/span><strong>crustac\u00e9s<span>\u00a0<\/span><\/strong><span>dans le respect des normes d\u2019hygi\u00e8ne alimentaire. Nous pratiquons l\u2019\u00e9t\u00eatage, l\u2019\u00e9caillage, l\u2019\u00e9visc\u00e9ration, le tranchage et le filetage du poisson.<\/span><\/p>\n<p>[\/et_pb_blurb][et_pb_blurb title=\u00a0\u00bbproc\u00e9dure et checkpoint\u00a0\u00bb image_max_width=\u00a0\u00bb80px\u00a0\u00bb _builder_version=\u00a0\u00bb3.25.2&Prime; header_font=\u00a0\u00bbMontserrat|700|||||||\u00a0\u00bb header_line_height=\u00a0\u00bb1.8em\u00a0\u00bb body_font=\u00a0\u00bbMontserrat||||||||\u00a0\u00bb body_font_size=\u00a0\u00bb13px\u00a0\u00bb body_line_height=\u00a0\u00bb2em\u00a0\u00bb background_color=\u00a0\u00bb#ffffff\u00a0\u00bb border_radii=\u00a0\u00bbon|10px|10px|10px|10px\u00a0\u00bb border_radii_image=\u00a0\u00bbon|100px|100px|100px|100px\u00a0\u00bb box_shadow_style=\u00a0\u00bbpreset1&Prime; box_shadow_vertical=\u00a0\u00bb10px\u00a0\u00bb box_shadow_blur=\u00a0\u00bb60px\u00a0\u00bb box_shadow_color=\u00a0\u00bbrgba(1,33,92,0.1)\u00a0\u00bb box_shadow_style_image=\u00a0\u00bbpreset1&Prime; box_shadow_vertical_image=\u00a0\u00bb10px\u00a0\u00bb box_shadow_blur_image=\u00a0\u00bb40px\u00a0\u00bb box_shadow_spread_image=\u00a0\u00bb-10px\u00a0\u00bb box_shadow_color_image=\u00a0\u00bbrgba(91,110,115,0.1)\u00a0\u00bb text_orientation=\u00a0\u00bbcenter\u00a0\u00bb custom_padding=\u00a0\u00bb30px|30px|30px|30px|true|true\u00a0\u00bb animation_style=\u00a0\u00bbzoom\u00a0\u00bb animation_intensity_zoom=\u00a0\u00bb10%\u00a0\u00bb locked=\u00a0\u00bboff\u00a0\u00bb]<\/p>\n<p style=\"text-align: left;\">A chaque \u00e9tape de poduction, nous avons un point de contr\u00f4le.<\/p>\n<p>[\/et_pb_blurb][et_pb_blurb title=\u00a0\u00bbformation\u00a0\u00bb image_max_width=\u00a0\u00bb80px\u00a0\u00bb _builder_version=\u00a0\u00bb3.25.2&Prime; header_font=\u00a0\u00bbMontserrat|700|||||||\u00a0\u00bb header_line_height=\u00a0\u00bb1.8em\u00a0\u00bb body_font=\u00a0\u00bbMontserrat||||||||\u00a0\u00bb body_font_size=\u00a0\u00bb13px\u00a0\u00bb body_line_height=\u00a0\u00bb2em\u00a0\u00bb background_color=\u00a0\u00bb#ffffff\u00a0\u00bb border_radii=\u00a0\u00bbon|10px|10px|10px|10px\u00a0\u00bb border_radii_image=\u00a0\u00bbon|100px|100px|100px|100px\u00a0\u00bb box_shadow_style=\u00a0\u00bbpreset1&Prime; box_shadow_vertical=\u00a0\u00bb10px\u00a0\u00bb box_shadow_blur=\u00a0\u00bb60px\u00a0\u00bb box_shadow_color=\u00a0\u00bbrgba(1,33,92,0.1)\u00a0\u00bb box_shadow_style_image=\u00a0\u00bbpreset1&Prime; box_shadow_vertical_image=\u00a0\u00bb10px\u00a0\u00bb box_shadow_blur_image=\u00a0\u00bb40px\u00a0\u00bb box_shadow_spread_image=\u00a0\u00bb-10px\u00a0\u00bb box_shadow_color_image=\u00a0\u00bbrgba(91,110,115,0.1)\u00a0\u00bb text_orientation=\u00a0\u00bbcenter\u00a0\u00bb custom_padding=\u00a0\u00bb30px|30px|30px|30px|true|true\u00a0\u00bb animation_style=\u00a0\u00bbzoom\u00a0\u00bb animation_intensity_zoom=\u00a0\u00bb10%\u00a0\u00bb locked=\u00a0\u00bboff\u00a0\u00bb]<\/p>\n<p style=\"text-align: left;\"><span>Pour la plus grande s\u00e9curit\u00e9 de ses consommateurs, des formations professionnalisantes, suivi d\u2019un syst\u00e8me d\u2019\u00e9valuation r\u00e9gulier, sont mises en place.\u00a0<\/span><\/p>\n<p>[\/et_pb_blurb][\/et_pb_column][et_pb_column type=\u00a0\u00bb1_3&Prime; _builder_version=\u00a0\u00bb3.25&Prime; custom_padding=\u00a0\u00bb|||\u00a0\u00bb custom_padding__hover=\u00a0\u00bb|||\u00a0\u00bb][et_pb_blurb title=\u00a0\u00bbPoint de contr\u00f4le et suivi\u00a0\u00bb icon_placement=\u00a0\u00bbleft\u00a0\u00bb content_max_width=\u00a0\u00bb300px\u00a0\u00bb _builder_version=\u00a0\u00bb3.25.2&Prime; header_level=\u00a0\u00bbh5&Prime; header_font=\u00a0\u00bbMontserrat|700||on|||||\u00a0\u00bb header_text_color=\u00a0\u00bb#000000&Prime; header_font_size=\u00a0\u00bb11px\u00a0\u00bb header_letter_spacing=\u00a0\u00bb1px\u00a0\u00bb header_line_height=\u00a0\u00bb2.5em\u00a0\u00bb body_font=\u00a0\u00bbMontserrat||||||||\u00a0\u00bb body_font_size=\u00a0\u00bb12px\u00a0\u00bb body_line_height=\u00a0\u00bb1.6em\u00a0\u00bb border_radii=\u00a0\u00bbon|10px|10px|10px|10px\u00a0\u00bb custom_margin=\u00a0\u00bb||18px|||\u00a0\u00bb custom_padding=\u00a0\u00bb|||\u00a0\u00bb animation=\u00a0\u00bboff\u00a0\u00bb locked=\u00a0\u00bboff\u00a0\u00bb]<\/p>\n<ul>\n<li><span>Contr\u00f4le \u00e0 la r\u00e9ception : \u00e9valuation de la fra\u00eecheur et de la conformit\u00e9 organoleptique des\u00a0poissons (mucus, pigmentation, branchies, \u0153il, \u2026).<\/span><\/li>\n<li><span>Suivi du stockage<\/span><\/li>\n<li><span>Suivi des conditions de conservation<\/span><\/li>\n<li><span>Syst\u00e8me de tra\u00e7abilit\u00e9<\/span><\/li>\n<li><span>Contr\u00f4le des Temp\u00e9ratures<\/span><\/li>\n<li><span>Respect de la cha\u00eene du froid<\/span><\/li>\n<li><span>Contr\u00f4le des conditions de pr\u00e9paration et de fabrication optimale : tranchage, filetage, manipulation<\/span><\/li>\n<li><span>Tenue d&rsquo;un plan de nettoyage<\/span><\/li>\n<li><span>Plan de d\u00e9sinfection<\/span><\/li>\n<li><span>Contr\u00f4le de la section emballage et conditionnement<\/span><\/li>\n<li><span>Gestion des d\u00e9chets<\/span><\/li>\n<li><span>Contr\u00f4le en point de vente<\/span><\/li>\n<li><span>Gestion des retours produits non conformes<\/span><\/li>\n<\/ul>\n<p>[\/et_pb_blurb][\/et_pb_column][\/et_pb_row][\/et_pb_section][et_pb_section fb_built=\u00a0\u00bb1&Prime; admin_label=\u00a0\u00bbFooter\u00a0\u00bb _builder_version=\u00a0\u00bb3.25.2&Prime; background_color=\u00a0\u00bb#f9f9f4&Prime; use_background_color_gradient=\u00a0\u00bbon\u00a0\u00bb background_color_gradient_start=\u00a0\u00bb#f9f9f4&Prime; background_color_gradient_end=\u00a0\u00bb#ffffff\u00a0\u00bb background_color_gradient_type=\u00a0\u00bbradial\u00a0\u00bb background_color_gradient_start_position=\u00a0\u00bb80%\u00a0\u00bb background_size=\u00a0\u00bbcontain\u00a0\u00bb background_position=\u00a0\u00bbtop_center\u00a0\u00bb max_width=\u00a0\u00bb1220px\u00a0\u00bb module_alignment=\u00a0\u00bbcenter\u00a0\u00bb custom_margin=\u00a0\u00bb0px||0px||true|false\u00a0\u00bb custom_padding=\u00a0\u00bb1px|3.2%|0px|3.2%|false|true\u00a0\u00bb animation_style=\u00a0\u00bbzoom\u00a0\u00bb animation_intensity_zoom=\u00a0\u00bb10%\u00a0\u00bb saved_tabs=\u00a0\u00bball\u00a0\u00bb locked=\u00a0\u00bboff\u00a0\u00bb][et_pb_row column_structure=\u00a0\u00bb1_3,1_3,1_3&Prime; use_custom_gutter=\u00a0\u00bbon\u00a0\u00bb gutter_width=\u00a0\u00bb2&Prime; custom_padding=\u00a0\u00bb25px||25px||true|\u00a0\u00bb _builder_version=\u00a0\u00bb3.25&Prime;][et_pb_column type=\u00a0\u00bb1_3&Prime; _builder_version=\u00a0\u00bb3.25&Prime; custom_padding=\u00a0\u00bb|||\u00a0\u00bb custom_padding__hover=\u00a0\u00bb|||\u00a0\u00bb][et_pb_blurb title=\u00a0\u00bbAdresse mail\u00a0\u00bb use_icon=\u00a0\u00bbon\u00a0\u00bb font_icon=\u00a0\u00bb%%238%%\u00a0\u00bb icon_color=\u00a0\u00bb#ffffff\u00a0\u00bb use_circle=\u00a0\u00bbon\u00a0\u00bb circle_color=\u00a0\u00bb#0c71c3&Prime; icon_placement=\u00a0\u00bbleft\u00a0\u00bb content_max_width=\u00a0\u00bb300px\u00a0\u00bb _builder_version=\u00a0\u00bb3.25.2&Prime; header_level=\u00a0\u00bbh5&Prime; header_font=\u00a0\u00bb|700||on|||||\u00a0\u00bb header_text_color=\u00a0\u00bb#000000&Prime; header_font_size=\u00a0\u00bb11px\u00a0\u00bb header_letter_spacing=\u00a0\u00bb1px\u00a0\u00bb header_line_height=\u00a0\u00bb2em\u00a0\u00bb body_font_size=\u00a0\u00bb12px\u00a0\u00bb body_line_height=\u00a0\u00bb1.6em\u00a0\u00bb border_radii=\u00a0\u00bbon|10px|10px|10px|10px\u00a0\u00bb custom_padding=\u00a0\u00bb|||\u00a0\u00bb animation=\u00a0\u00bboff\u00a0\u00bb locked=\u00a0\u00bboff\u00a0\u00bb]<\/p>\n<p><a href=\"mailto:commercial@sopromer.mg\"><\/a><a href=\"mailto:chr@sopromer.mg\">chr@sopromer.mg<br \/><\/a><a href=\"mailto:commercial@sopromer.mg\"><\/a><a href=\"mailto:commercial@sopromer.mg\">commercial@sopromer.mg<br \/><\/a><\/p>\n<p>[\/et_pb_blurb][\/et_pb_column][et_pb_column type=\u00a0\u00bb1_3&Prime; _builder_version=\u00a0\u00bb3.25&Prime; custom_padding=\u00a0\u00bb|||\u00a0\u00bb custom_padding__hover=\u00a0\u00bb|||\u00a0\u00bb][et_pb_blurb title=\u00a0\u00bbContact\u00a0\u00bb use_icon=\u00a0\u00bbon\u00a0\u00bb font_icon=\u00a0\u00bb%%264%%\u00a0\u00bb icon_color=\u00a0\u00bb#ffffff\u00a0\u00bb use_circle=\u00a0\u00bbon\u00a0\u00bb circle_color=\u00a0\u00bb#0c71c3&Prime; icon_placement=\u00a0\u00bbleft\u00a0\u00bb content_max_width=\u00a0\u00bb300px\u00a0\u00bb _builder_version=\u00a0\u00bb3.25.2&Prime; header_level=\u00a0\u00bbh5&Prime; header_font=\u00a0\u00bb|700||on|||||\u00a0\u00bb header_text_color=\u00a0\u00bb#000000&Prime; header_font_size=\u00a0\u00bb11px\u00a0\u00bb header_letter_spacing=\u00a0\u00bb1px\u00a0\u00bb header_line_height=\u00a0\u00bb2em\u00a0\u00bb body_font_size=\u00a0\u00bb12px\u00a0\u00bb body_line_height=\u00a0\u00bb1.6em\u00a0\u00bb border_radii=\u00a0\u00bbon|10px|10px|10px|10px\u00a0\u00bb custom_padding=\u00a0\u00bb|||\u00a0\u00bb animation=\u00a0\u00bboff\u00a0\u00bb locked=\u00a0\u00bboff\u00a0\u00bb]<\/p>\n<p>Responsable <strong>CHR<\/strong><br \/> +261 34 05 986 08<\/p>\n<p>Commercial <strong>BO<\/strong><br \/> +261 34 11 478 70<\/p>\n<p>[\/et_pb_blurb][\/et_pb_column][et_pb_column type=\u00a0\u00bb1_3&Prime; _builder_version=\u00a0\u00bb3.25&Prime; custom_padding=\u00a0\u00bb|||\u00a0\u00bb custom_padding__hover=\u00a0\u00bb|||\u00a0\u00bb][et_pb_blurb title=\u00a0\u00bbAdresse\u00a0\u00bb use_icon=\u00a0\u00bbon\u00a0\u00bb font_icon=\u00a0\u00bb%%249%%\u00a0\u00bb icon_color=\u00a0\u00bb#ffffff\u00a0\u00bb use_circle=\u00a0\u00bbon\u00a0\u00bb circle_color=\u00a0\u00bb#0c71c3&Prime; icon_placement=\u00a0\u00bbleft\u00a0\u00bb content_max_width=\u00a0\u00bb300px\u00a0\u00bb _builder_version=\u00a0\u00bb3.25.2&Prime; header_level=\u00a0\u00bbh5&Prime; header_font=\u00a0\u00bb|700||on|||||\u00a0\u00bb header_text_color=\u00a0\u00bb#000000&Prime; header_font_size=\u00a0\u00bb11px\u00a0\u00bb header_letter_spacing=\u00a0\u00bb1px\u00a0\u00bb header_line_height=\u00a0\u00bb2em\u00a0\u00bb body_font_size=\u00a0\u00bb12px\u00a0\u00bb body_line_height=\u00a0\u00bb1.6em\u00a0\u00bb border_radii=\u00a0\u00bbon|10px|10px|10px|10px\u00a0\u00bb custom_padding=\u00a0\u00bb|||\u00a0\u00bb animation=\u00a0\u00bboff\u00a0\u00bb locked=\u00a0\u00bboff\u00a0\u00bb]<\/p>\n<p>Immeuble SMEF<br \/> Ouest &#8211; Ankadimbahoaka<br \/> Antananarivo 101<\/p>\n<p>&nbsp;<\/p>\n<p>[\/et_pb_blurb][\/et_pb_column][\/et_pb_row][\/et_pb_section]<\/p>\n","protected":false},"excerpt":{"rendered":"<p>Une gestion de la qualit\u00e9 ind\u00e9pendante et autonome pour satisfaire les plus exigents du m\u00e9tier.Toute l\u2019ann\u00e9e, nous s\u00e9lectionnons pour vous les meilleurs produits de la mer : Exigence de fra\u00eecheur et de saveur pour les poissons sauvages et d\u2019\u00e9levage.\u00a0 Exigence d\u2019authenticit\u00e9 et d\u2019attrait gastronomique pour les produits transform\u00e9s, concoct\u00e9s sans additif, ni conservateurs, ni exhausteurs [&hellip;]<\/p>\n","protected":false},"author":1,"featured_media":0,"parent":0,"menu_order":0,"comment_status":"closed","ping_status":"closed","template":"","meta":{"_et_pb_use_builder":"on","_et_pb_old_content":"","_et_gb_content_width":""},"_links":{"self":[{"href":"http:\/\/sopromer.mg\/wpress\/wp-json\/wp\/v2\/pages\/883"}],"collection":[{"href":"http:\/\/sopromer.mg\/wpress\/wp-json\/wp\/v2\/pages"}],"about":[{"href":"http:\/\/sopromer.mg\/wpress\/wp-json\/wp\/v2\/types\/page"}],"author":[{"embeddable":true,"href":"http:\/\/sopromer.mg\/wpress\/wp-json\/wp\/v2\/users\/1"}],"replies":[{"embeddable":true,"href":"http:\/\/sopromer.mg\/wpress\/wp-json\/wp\/v2\/comments?post=883"}],"version-history":[{"count":14,"href":"http:\/\/sopromer.mg\/wpress\/wp-json\/wp\/v2\/pages\/883\/revisions"}],"predecessor-version":[{"id":996,"href":"http:\/\/sopromer.mg\/wpress\/wp-json\/wp\/v2\/pages\/883\/revisions\/996"}],"wp:attachment":[{"href":"http:\/\/sopromer.mg\/wpress\/wp-json\/wp\/v2\/media?parent=883"}],"curies":[{"name":"wp","href":"https:\/\/api.w.org\/{rel}","templated":true}]}}